{"id":308,"date":"2020-01-13T11:17:52","date_gmt":"2020-01-13T11:17:52","guid":{"rendered":"https:\/\/demosites.io\/web-agency-gb\/?page_id=5"},"modified":"2023-01-25T00:46:34","modified_gmt":"2023-01-25T00:46:34","slug":"etusivu","status":"publish","type":"page","link":"https:\/\/www.matekoy.fi\/","title":{"rendered":"Etusivu"},"content":{"rendered":"\n<div class=\"wp-block-cover alignfull\" style=\"min-height:100vh\"><span aria-hidden=\"true\" class=\"wp-block-cover__background has-background-dim-70 has-background-dim wp-block-cover__gradient-background has-background-gradient\" style=\"background:radial-gradient(rgb(2,3,129) 0%,rgb(40,116,252) 100%)\"><\/span><img loading=\"lazy\" width=\"2048\" height=\"1536\" class=\"wp-block-cover__image-background wp-image-763\" alt=\"\" src=\"https:\/\/www.matekoy.fi\/wp-content\/uploads\/2023\/01\/Henkilosto1.jpg\" style=\"object-position:48% 64%\" data-object-fit=\"cover\" data-object-position=\"48% 64%\" srcset=\"https:\/\/www.matekoy.fi\/wp-content\/uploads\/2023\/01\/Henkilosto1.jpg 2048w, https:\/\/www.matekoy.fi\/wp-content\/uploads\/2023\/01\/Henkilosto1-300x225.jpg 300w, https:\/\/www.matekoy.fi\/wp-content\/uploads\/2023\/01\/Henkilosto1-1024x768.jpg 1024w, https:\/\/www.matekoy.fi\/wp-content\/uploads\/2023\/01\/Henkilosto1-768x576.jpg 768w, https:\/\/www.matekoy.fi\/wp-content\/uploads\/2023\/01\/Henkilosto1-1536x1152.jpg 1536w\" sizes=\"(max-width: 2048px) 100vw, 2048px\" \/><div class=\"wp-block-cover__inner-container\"><div class=\"wp-duotone-rgba2552552550-rgb255255255-1 aligncenter is-style-default wp-block-site-logo\"><img loading=\"lazy\" width=\"506\" height=\"162\" src=\"https:\/\/www.matekoy.fi\/wp-content\/uploads\/2023\/01\/LOGOGGO.png\" class=\"custom-logo\" alt=\"Matek Oy\" srcset=\"https:\/\/www.matekoy.fi\/wp-content\/uploads\/2023\/01\/LOGOGGO.png 532w, https:\/\/www.matekoy.fi\/wp-content\/uploads\/2023\/01\/LOGOGGO-300x96.png 300w\" sizes=\"(max-width: 506px) 100vw, 506px\" \/><\/div>\n\n\n<div style=\"height:30px\" aria-hidden=\"true\" class=\"wp-block-spacer\"><\/div>\n\n\n\n<div style=\"height:59px\" aria-hidden=\"true\" class=\"wp-block-spacer\"><\/div>\n\n\n\n<p class=\"has-text-align-center\" style=\"font-size:32px\"><strong><em>TEOLLISUUDEN PUTKISTOASENNUKSET,<br>ALIHANKINTAPALVELUT<br>SEK\u00c4 TIG-\/MIG-HITSAUS<\/em><\/strong><\/p>\n\n\n\n<div class=\"wp-container-2 is-horizontal is-content-justification-center wp-block-buttons\">\n<div class=\"wp-block-button is-style-primary\"><a class=\"wp-block-button__link has-nv-site-bg-background-color has-text-color has-background\" href=\"https:\/\/www.matekoy.fi\/?page_id=75\" style=\"color:#7f7ccb\">Ota yhteytt\u00e4<\/a><\/div>\n<\/div>\n\n\n\n<div class=\"wp-container-5 wp-block-group\"><div class=\"wp-block-group__inner-container\">\n<div class=\"wp-container-4 wp-block-group\"><div class=\"wp-block-group__inner-container\">\n<div class=\"wp-container-3 wp-block-buttons\"><\/div>\n<\/div><\/div>\n<\/div><\/div>\n\n\n\n<div class=\"wp-container-6 wp-block-buttons\"><\/div>\n\n\n\n<div class=\"wp-container-7 wp-block-buttons\"><\/div>\n\n\n\n<div style=\"height:80px\" aria-hidden=\"true\" class=\"wp-block-spacer\"><\/div>\n<\/div><\/div>\n\n\n\n<div style=\"height:50px\" aria-hidden=\"true\" class=\"wp-block-spacer\"><\/div>\n\n\n\n<div class=\"wp-container-13 is-vertical wp-block-group has-nv-light-bg-background-color has-background\">\n<div class=\"wp-container-12 is-vertical wp-block-group\">\n<div class=\"wp-container-11 is-vertical wp-block-group\">\n<div class=\"wp-container-10 is-vertical is-content-justification-left is-nowrap wp-block-group has-nv-site-bg-background-color has-background has-medium-font-size\">\n<div class=\"wp-container-8 wp-block-group\"><div class=\"wp-block-group__inner-container\">\n<p class=\"has-text-align-center has-medium-font-size\">Matek Oy tarjoaa vahvaa osaamista, laatua sek\u00e4 kymmenien vuosien kokemuksen mm. paperikoneteollisuudessa.<\/p>\n\n\n\n<p class=\"has-text-align-center has-medium-font-size\">Valmistamme ja asennamme kiertovoitelu- , rasva- ja \u00f6ljyvoiteluj\u00e4rjestelmi\u00e4, hydrauliikka-, pneumatiikka- ja prosessiputkistoja. Palveluihimme kuuluvat my\u00f6s pienputkistoasennukset.<\/p>\n\n\n\n<p class=\"has-text-align-center has-medium-font-size\">Palvelemme asiakkaitamme ymp\u00e4ri Suomen sek\u00e4 ulkomailla.<\/p>\n\n\n\n<p class=\"has-text-align-center has-medium-font-size\">Omat toimitilamme valmistuivat vuonna 2021 Lievestuoreelle.<\/p>\n\n\n\n<p class=\"has-text-align-center has-medium-font-size\">Ota yhteytt\u00e4 ja pyyd\u00e4 tarjous.<\/p>\n<\/div><\/div>\n\n\n\n<div class=\"wp-container-9 wp-block-buttons\"><\/div>\n<\/div>\n<\/div>\n<\/div>\n<\/div>\n\n\n\n<div style=\"height:50px\" aria-hidden=\"true\" class=\"wp-block-spacer\"><\/div>\n\n\n\n<div class=\"wp-block-cover alignwide is-light\" style=\"min-height:100vh\"><span aria-hidden=\"true\" class=\"wp-block-cover__background has-background-dim-0 has-background-dim\"><\/span><img loading=\"lazy\" width=\"1881\" height=\"988\" class=\"wp-block-cover__image-background wp-image-984\" alt=\"\" src=\"https:\/\/www.matekoy.fi\/wp-content\/uploads\/2023\/01\/Hallikuva1.png\" data-object-fit=\"cover\" srcset=\"https:\/\/www.matekoy.fi\/wp-content\/uploads\/2023\/01\/Hallikuva1.png 1881w, https:\/\/www.matekoy.fi\/wp-content\/uploads\/2023\/01\/Hallikuva1-300x158.png 300w, https:\/\/www.matekoy.fi\/wp-content\/uploads\/2023\/01\/Hallikuva1-1024x538.png 1024w, https:\/\/www.matekoy.fi\/wp-content\/uploads\/2023\/01\/Hallikuva1-768x403.png 768w, https:\/\/www.matekoy.fi\/wp-content\/uploads\/2023\/01\/Hallikuva1-1536x807.png 1536w\" sizes=\"(max-width: 1881px) 100vw, 1881px\" \/><div class=\"wp-block-cover__inner-container\">\n<div class=\"wp-container-20 wp-block-group\"><div class=\"wp-block-group__inner-container\">\n<div class=\"wp-container-16 wp-block-columns are-vertically-aligned-center\">\n<div class=\"wp-container-14 wp-block-column is-vertically-aligned-center\" style=\"flex-basis:50%\"><\/div>\n\n\n\n<div class=\"wp-container-15 wp-block-column is-vertically-aligned-center\" style=\"flex-basis:50%\"><\/div>\n<\/div>\n\n\n\n<div class=\"wp-container-19 wp-block-columns\">\n<div class=\"wp-container-17 wp-block-column\"><\/div>\n\n\n\n<div class=\"wp-container-18 wp-block-column\"><\/div>\n<\/div>\n\n\n\n<div style=\"height:10px\" aria-hidden=\"true\" class=\"wp-block-spacer\"><\/div>\n<\/div><\/div>\n<\/div><\/div>\n\n\n<div class=\"wp-block-cover alignfull\" style=\"min-height:401px\"><span aria-hidden=\"true\" class=\"wp-block-cover__background has-nv-light-bg-background-color has-background-dim-100 has-background-dim\"><\/span><\/p>\n<div class=\"wp-block-cover__inner-container\">\n<div style=\"height:10px\" aria-hidden=\"true\" class=\"wp-block-spacer\"><\/div>\n<div class=\"wp-container-25 wp-block-columns\">\n<div class=\"wp-container-21 wp-block-column ticss-4ce656f1\">\n<h3 class=\"has-text-align-center has-neve-text-color-color has-text-color\">Yhteystiedot<\/h3>\n<p class=\"has-text-align-center has-nv-dark-bg-color has-text-color\" style=\"font-size:15px\"><strong>Teemu Matilainen<\/strong><br \/>040&nbsp;588 6531<br \/><a href=\"mailto:tm.matek@gmail.com\">tm.matek@gmail.com<\/a><\/p>\n<\/div>\n<div class=\"wp-container-23 wp-block-column ticss-f6fc7494\">\n<h3 class=\"has-text-align-center has-neve-text-color-color has-text-color\">Yritys<\/h3>\n<p class=\"has-text-align-center has-nv-dark-bg-color has-text-color\" style=\"font-size:15px\"><strong>Matek Oy<\/strong><br \/>Y-tunnus 2816565-9<\/p>\n<p class=\"has-text-align-center has-nv-dark-bg-color has-text-color\" style=\"font-size:15px\">Verkkolaskuosoite:<br \/>003728165659<br \/>OKOYFIHH<\/p>\n<div class=\"wp-duotone-rgb515151-rgba2042042040-22 aligncenter wp-block-site-logo\"><a href=\"https:\/\/www.matekoy.fi\/\" class=\"custom-logo-link\" rel=\"home\"><img loading=\"lazy\" width=\"95\" height=\"30\" src=\"https:\/\/www.matekoy.fi\/wp-content\/uploads\/2023\/01\/LOGOGGO.png\" class=\"custom-logo\" alt=\"Matek Oy\" srcset=\"https:\/\/www.matekoy.fi\/wp-content\/uploads\/2023\/01\/LOGOGGO.png 532w, https:\/\/www.matekoy.fi\/wp-content\/uploads\/2023\/01\/LOGOGGO-300x96.png 300w\" sizes=\"(max-width: 95px) 100vw, 95px\" \/><\/a><\/div>\n<\/div>\n<div class=\"wp-container-24 wp-block-column ticss-a5b4df29\">\n<h3 class=\"has-text-align-center has-neve-text-color-color has-text-color\">Postiosoite<\/h3>\n<p class=\"has-text-align-center has-nv-dark-bg-color has-text-color\" style=\"font-size:15px\"><strong>K\u00e4yntiosoite<\/strong><br \/>Vanhatie 27<br \/>41400 Lievestuore<\/p>\n<p class=\"has-text-align-center has-nv-dark-bg-color has-text-color\" style=\"font-size:15px\"><strong>Toimisto<\/strong><br \/>Viertotie 9<br \/>41400 Lievestuore<\/p>\n<\/div>\n<\/div>\n<\/div>\n<\/div>\n","protected":false},"excerpt":{"rendered":"<p>Matek Oy tarjoaa vahvaa osaamista, laatua sek\u00e4 kymmenien vuosien kokemuksen mm. paperikoneteollisuudessa. Valmistamme ja asennamme kiertovoitelu- , rasva- ja \u00f6ljyvoiteluj\u00e4rjestelmi\u00e4, hydrauliikka-, pneumatiikka- ja prosessiputkistoja. Palveluihimme kuuluvat my\u00f6s pienputkistoasennukset. Palvelemme asiakkaitamme ymp\u00e4ri Suomen sek\u00e4 ulkomailla. Omat toimitilamme valmistuivat vuonna 2021 Lievestuoreelle. Ota yhteytt\u00e4 ja pyyd\u00e4 tarjous.<\/p>\n","protected":false},"author":2,"featured_media":0,"parent":0,"menu_order":1,"comment_status":"closed","ping_status":"closed","template":"","meta":{"neve_meta_sidebar":"default","neve_meta_container":"default","neve_meta_enable_content_width":"on","neve_meta_content_width":100,"neve_meta_title_alignment":"","neve_meta_author_avatar":"","neve_post_elements_order":"","neve_meta_disable_header":"","neve_meta_disable_footer":"","neve_meta_disable_title":"on"},"yoast_head":"<!-- This site is optimized with the Yoast SEO plugin v19.0 - https:\/\/yoast.com\/wordpress\/plugins\/seo\/ -->\n<title>Etusivu - Matek Oy<\/title>\n<meta name=\"robots\" content=\"index, follow, max-snippet:-1, max-image-preview:large, max-video-preview:-1\" \/>\n<link rel=\"canonical\" href=\"https:\/\/www.matekoy.fi\/\" \/>\n<meta property=\"og:locale\" content=\"en_US\" \/>\n<meta property=\"og:type\" content=\"article\" \/>\n<meta property=\"og:title\" content=\"Etusivu - Matek Oy\" \/>\n<meta property=\"og:description\" content=\"Matek Oy tarjoaa vahvaa osaamista, laatua sek\u00e4 kymmenien vuosien kokemuksen mm. paperikoneteollisuudessa. Valmistamme ja asennamme kiertovoitelu- , rasva- ja \u00f6ljyvoiteluj\u00e4rjestelmi\u00e4, hydrauliikka-, pneumatiikka- ja prosessiputkistoja. Palveluihimme kuuluvat my\u00f6s pienputkistoasennukset. Palvelemme asiakkaitamme ymp\u00e4ri Suomen sek\u00e4 ulkomailla. Omat toimitilamme valmistuivat vuonna 2021 Lievestuoreelle. Ota yhteytt\u00e4 ja pyyd\u00e4 tarjous.\" \/>\n<meta property=\"og:url\" content=\"https:\/\/www.matekoy.fi\/\" \/>\n<meta property=\"og:site_name\" content=\"Matek Oy\" \/>\n<meta property=\"article:modified_time\" content=\"2023-01-25T00:46:34+00:00\" \/>\n<meta property=\"og:image\" content=\"https:\/\/www.matekoy.fi\/wp-content\/uploads\/2023\/01\/Henkilosto1.jpg\" \/>\n<meta name=\"twitter:card\" content=\"summary_large_image\" \/>\n<meta name=\"twitter:label1\" content=\"Est. reading time\" \/>\n\t<meta name=\"twitter:data1\" content=\"1 minute\" \/>\n<script type=\"application\/ld+json\" class=\"yoast-schema-graph\">{\"@context\":\"https:\/\/schema.org\",\"@graph\":[{\"@type\":\"WebSite\",\"@id\":\"https:\/\/www.matekoy.fi\/#website\",\"url\":\"https:\/\/www.matekoy.fi\/\",\"name\":\"Matek Oy\",\"description\":\"Matek Oy\",\"potentialAction\":[{\"@type\":\"SearchAction\",\"target\":{\"@type\":\"EntryPoint\",\"urlTemplate\":\"https:\/\/www.matekoy.fi\/?s={search_term_string}\"},\"query-input\":\"required name=search_term_string\"}],\"inLanguage\":\"en\"},{\"@type\":\"ImageObject\",\"inLanguage\":\"en\",\"@id\":\"https:\/\/www.matekoy.fi\/#primaryimage\",\"url\":\"https:\/\/www.matekoy.fi\/wp-content\/uploads\/2023\/01\/Henkilosto1.jpg\",\"contentUrl\":\"https:\/\/www.matekoy.fi\/wp-content\/uploads\/2023\/01\/Henkilosto1.jpg\",\"width\":2048,\"height\":1536},{\"@type\":\"WebPage\",\"@id\":\"https:\/\/www.matekoy.fi\/#webpage\",\"url\":\"https:\/\/www.matekoy.fi\/\",\"name\":\"Etusivu - Matek Oy\",\"isPartOf\":{\"@id\":\"https:\/\/www.matekoy.fi\/#website\"},\"primaryImageOfPage\":{\"@id\":\"https:\/\/www.matekoy.fi\/#primaryimage\"},\"datePublished\":\"2020-01-13T11:17:52+00:00\",\"dateModified\":\"2023-01-25T00:46:34+00:00\",\"breadcrumb\":{\"@id\":\"https:\/\/www.matekoy.fi\/#breadcrumb\"},\"inLanguage\":\"en\",\"potentialAction\":[{\"@type\":\"ReadAction\",\"target\":[\"https:\/\/www.matekoy.fi\/\"]}]},{\"@type\":\"BreadcrumbList\",\"@id\":\"https:\/\/www.matekoy.fi\/#breadcrumb\",\"itemListElement\":[{\"@type\":\"ListItem\",\"position\":1,\"name\":\"Etusivu\",\"item\":\"https:\/\/www.matekoy.fi\/\"},{\"@type\":\"ListItem\",\"position\":2,\"name\":\"Etusivu\"}]}]}<\/script>\n<!-- \/ Yoast SEO plugin. -->","yoast_head_json":{"title":"Etusivu - Matek Oy","robots":{"index":"index","follow":"follow","max-snippet":"max-snippet:-1","max-image-preview":"max-image-preview:large","max-video-preview":"max-video-preview:-1"},"canonical":"https:\/\/www.matekoy.fi\/","og_locale":"en_US","og_type":"article","og_title":"Etusivu - Matek Oy","og_description":"Matek Oy tarjoaa vahvaa osaamista, laatua sek\u00e4 kymmenien vuosien kokemuksen mm. paperikoneteollisuudessa. Valmistamme ja asennamme kiertovoitelu- , rasva- ja \u00f6ljyvoiteluj\u00e4rjestelmi\u00e4, hydrauliikka-, pneumatiikka- ja prosessiputkistoja. Palveluihimme kuuluvat my\u00f6s pienputkistoasennukset. Palvelemme asiakkaitamme ymp\u00e4ri Suomen sek\u00e4 ulkomailla. Omat toimitilamme valmistuivat vuonna 2021 Lievestuoreelle. Ota yhteytt\u00e4 ja pyyd\u00e4 tarjous.","og_url":"https:\/\/www.matekoy.fi\/","og_site_name":"Matek Oy","article_modified_time":"2023-01-25T00:46:34+00:00","og_image":[{"url":"https:\/\/www.matekoy.fi\/wp-content\/uploads\/2023\/01\/Henkilosto1.jpg"}],"twitter_card":"summary_large_image","twitter_misc":{"Est. reading time":"1 minute"},"schema":{"@context":"https:\/\/schema.org","@graph":[{"@type":"WebSite","@id":"https:\/\/www.matekoy.fi\/#website","url":"https:\/\/www.matekoy.fi\/","name":"Matek Oy","description":"Matek Oy","potentialAction":[{"@type":"SearchAction","target":{"@type":"EntryPoint","urlTemplate":"https:\/\/www.matekoy.fi\/?s={search_term_string}"},"query-input":"required name=search_term_string"}],"inLanguage":"en"},{"@type":"ImageObject","inLanguage":"en","@id":"https:\/\/www.matekoy.fi\/#primaryimage","url":"https:\/\/www.matekoy.fi\/wp-content\/uploads\/2023\/01\/Henkilosto1.jpg","contentUrl":"https:\/\/www.matekoy.fi\/wp-content\/uploads\/2023\/01\/Henkilosto1.jpg","width":2048,"height":1536},{"@type":"WebPage","@id":"https:\/\/www.matekoy.fi\/#webpage","url":"https:\/\/www.matekoy.fi\/","name":"Etusivu - Matek Oy","isPartOf":{"@id":"https:\/\/www.matekoy.fi\/#website"},"primaryImageOfPage":{"@id":"https:\/\/www.matekoy.fi\/#primaryimage"},"datePublished":"2020-01-13T11:17:52+00:00","dateModified":"2023-01-25T00:46:34+00:00","breadcrumb":{"@id":"https:\/\/www.matekoy.fi\/#breadcrumb"},"inLanguage":"en","potentialAction":[{"@type":"ReadAction","target":["https:\/\/www.matekoy.fi\/"]}]},{"@type":"BreadcrumbList","@id":"https:\/\/www.matekoy.fi\/#breadcrumb","itemListElement":[{"@type":"ListItem","position":1,"name":"Etusivu","item":"https:\/\/www.matekoy.fi\/"},{"@type":"ListItem","position":2,"name":"Etusivu"}]}]}},"_links":{"self":[{"href":"https:\/\/www.matekoy.fi\/index.php?rest_route=\/wp\/v2\/pages\/308"}],"collection":[{"href":"https:\/\/www.matekoy.fi\/index.php?rest_route=\/wp\/v2\/pages"}],"about":[{"href":"https:\/\/www.matekoy.fi\/index.php?rest_route=\/wp\/v2\/types\/page"}],"author":[{"embeddable":true,"href":"https:\/\/www.matekoy.fi\/index.php?rest_route=\/wp\/v2\/users\/2"}],"replies":[{"embeddable":true,"href":"https:\/\/www.matekoy.fi\/index.php?rest_route=%2Fwp%2Fv2%2Fcomments&post=308"}],"version-history":[{"count":68,"href":"https:\/\/www.matekoy.fi\/index.php?rest_route=\/wp\/v2\/pages\/308\/revisions"}],"predecessor-version":[{"id":1021,"href":"https:\/\/www.matekoy.fi\/index.php?rest_route=\/wp\/v2\/pages\/308\/revisions\/1021"}],"wp:attachment":[{"href":"https:\/\/www.matekoy.fi\/index.php?rest_route=%2Fwp%2Fv2%2Fmedia&parent=308"}],"curies":[{"name":"wp","href":"https:\/\/api.w.org\/{rel}","templated":true}]}}