{"id":61,"date":"2020-01-23T18:21:52","date_gmt":"2020-01-23T18:21:52","guid":{"rendered":"https:\/\/demosites.io\/web-agency-gb\/?page_id=61"},"modified":"2023-01-25T01:20:29","modified_gmt":"2023-01-25T01:20:29","slug":"palvelut","status":"publish","type":"page","link":"https:\/\/www.matekoy.fi\/?page_id=61","title":{"rendered":"Palvelut"},"content":{"rendered":"\n<h2 class=\"has-text-align-center\">Palvelut<\/h2>\n\n\n\n<p class=\"has-text-align-center has-medium-font-size\">Teollisuusputkistojen valmistus<br>TIG-\/MIG-hitsaus<br>Teollisuuden alihankintapalvelut<\/p>\n\n\n\n<div class=\"alignnormal\"><div id=\"metaslider-id-823\" style=\"max-width: 750px; margin: 0 auto;\" class=\"ml-slider-3-28-3 metaslider metaslider-flex metaslider-823 ml-slider ms-theme-cubic has-dots-nav\">\n    <div id=\"metaslider_container_823\">\n        <div id=\"metaslider_823\">\n            <ul aria-live=\"polite\" class=\"slides\">\n                <li style=\"display: block; width: 100%;\" class=\"slide-845 ms-image\"><img src=\"https:\/\/www.matekoy.fi\/wp-content\/uploads\/2023\/01\/Putket1-750x450.jpg\" height=\"450\" width=\"750\" alt=\"\" class=\"slider-823 slide-845\" title=\"Putket1\" \/><\/li>\n                <li style=\"display: none; width: 100%;\" class=\"slide-846 ms-image\"><img src=\"https:\/\/www.matekoy.fi\/wp-content\/uploads\/2023\/01\/Putket2-750x450.jpg\" height=\"450\" width=\"750\" alt=\"\" class=\"slider-823 slide-846\" title=\"Putket2\" \/><\/li>\n                <li style=\"display: none; width: 100%;\" class=\"slide-847 ms-image\"><img src=\"https:\/\/www.matekoy.fi\/wp-content\/uploads\/2023\/01\/Putket3-750x450.jpg\" height=\"450\" width=\"750\" alt=\"\" class=\"slider-823 slide-847\" title=\"Putket3\" \/><\/li>\n                <li style=\"display: none; width: 100%;\" class=\"slide-848 ms-image\"><img src=\"https:\/\/www.matekoy.fi\/wp-content\/uploads\/2023\/01\/Putket4-750x450.jpg\" height=\"450\" width=\"750\" alt=\"\" class=\"slider-823 slide-848\" title=\"Putket4\" \/><\/li>\n                <li style=\"display: none; width: 100%;\" class=\"slide-849 ms-image\"><img src=\"https:\/\/www.matekoy.fi\/wp-content\/uploads\/2023\/01\/Putket5-750x450.jpg\" height=\"450\" width=\"750\" alt=\"\" class=\"slider-823 slide-849\" title=\"Putket5\" \/><\/li>\n                <li style=\"display: none; width: 100%;\" class=\"slide-850 ms-image\"><img src=\"https:\/\/www.matekoy.fi\/wp-content\/uploads\/2023\/01\/Taulut1-750x450.jpg\" height=\"450\" width=\"750\" alt=\"\" class=\"slider-823 slide-850\" title=\"Taulut1\" \/><\/li>\n                <li style=\"display: none; width: 100%;\" class=\"slide-852 ms-image\"><img src=\"https:\/\/www.matekoy.fi\/wp-content\/uploads\/2023\/01\/Taulut3-750x450.jpg\" height=\"450\" width=\"750\" alt=\"\" class=\"slider-823 slide-852\" title=\"Taulut3\" \/><\/li>\n                <li style=\"display: none; width: 100%;\" class=\"slide-853 ms-image\"><img src=\"https:\/\/www.matekoy.fi\/wp-content\/uploads\/2023\/01\/Taulut4-750x450.jpg\" height=\"450\" width=\"750\" alt=\"\" class=\"slider-823 slide-853\" title=\"Taulut4\" \/><\/li>\n            <\/ul>\n        <\/div>\n        \n    <\/div>\n<\/div><\/div>\n\n\n\n<div class=\"wp-container-5 wp-block-group\"><div class=\"wp-block-group__inner-container\">\n<div class=\"wp-container-4 is-nowrap wp-block-group\">\n<div class=\"wp-container-3 is-vertical wp-block-group\">\n<div class=\"wp-container-2 is-vertical is-content-justification-left wp-block-group\">\n<div class=\"wp-container-1 is-nowrap wp-block-group\">\n<p class=\"has-medium-font-size\">K\u00e4yt\u00f6ss\u00e4mme on T-Drill kaulustuskone sek\u00e4 putkentaivutuskoneita. (TUPO, AMGA)<\/p>\n\n\n\n<p class=\"has-medium-font-size\">Valmistamme jakotukkeja my\u00f6s mittatilausty\u00f6n\u00e4, kysy tarjous!<\/p>\n<\/div>\n<\/div>\n<\/div>\n<\/div>\n<\/div><\/div>\n\n\n\n<div style=\"height:20px\" aria-hidden=\"true\" class=\"wp-block-spacer\"><\/div>\n\n\n\n<div class=\"wp-container-8 wp-block-columns\">\n<div class=\"wp-container-6 wp-block-column\">\n<figure class=\"wp-block-image size-large\"><img loading=\"lazy\" width=\"770\" height=\"1024\" src=\"https:\/\/www.matekoy.fi\/wp-content\/uploads\/2023\/01\/Koneet1-770x1024.jpg\" alt=\"\" class=\"wp-image-864\" srcset=\"https:\/\/www.matekoy.fi\/wp-content\/uploads\/2023\/01\/Koneet1-770x1024.jpg 770w, https:\/\/www.matekoy.fi\/wp-content\/uploads\/2023\/01\/Koneet1-226x300.jpg 226w, https:\/\/www.matekoy.fi\/wp-content\/uploads\/2023\/01\/Koneet1-768x1021.jpg 768w, https:\/\/www.matekoy.fi\/wp-content\/uploads\/2023\/01\/Koneet1-1155x1536.jpg 1155w, https:\/\/www.matekoy.fi\/wp-content\/uploads\/2023\/01\/Koneet1.jpg 1540w\" sizes=\"(max-width: 770px) 100vw, 770px\" \/><\/figure>\n<\/div>\n\n\n\n<div class=\"wp-container-7 wp-block-column\">\n<figure class=\"wp-block-image size-large\"><img loading=\"lazy\" width=\"768\" height=\"1024\" src=\"https:\/\/www.matekoy.fi\/wp-content\/uploads\/2023\/01\/Koneet2-768x1024.jpg\" alt=\"\" class=\"wp-image-865\" srcset=\"https:\/\/www.matekoy.fi\/wp-content\/uploads\/2023\/01\/Koneet2-768x1024.jpg 768w, https:\/\/www.matekoy.fi\/wp-content\/uploads\/2023\/01\/Koneet2-225x300.jpg 225w, https:\/\/www.matekoy.fi\/wp-content\/uploads\/2023\/01\/Koneet2-1152x1536.jpg 1152w, https:\/\/www.matekoy.fi\/wp-content\/uploads\/2023\/01\/Koneet2.jpg 1536w\" sizes=\"(max-width: 768px) 100vw, 768px\" \/><\/figure>\n<\/div>\n<\/div>\n\n\n\n<div class=\"wp-block-cover alignfull\" style=\"min-height:351px\"><span aria-hidden=\"true\" class=\"wp-block-cover__background has-nv-light-bg-background-color has-background-dim-100 has-background-dim\"><\/span><div class=\"wp-block-cover__inner-container\">\n<div style=\"height:20px\" aria-hidden=\"true\" class=\"wp-block-spacer\"><\/div>\n\n\n\n<div class=\"wp-container-13 wp-block-columns\">\n<div class=\"wp-container-9 wp-block-column ticss-4ce656f1\">\n<h3 class=\"has-text-align-center has-neve-text-color-color has-text-color\">Yhteystiedot<\/h3>\n\n\n\n<p class=\"has-text-align-center has-nv-dark-bg-color has-text-color\" style=\"font-size:15px\"><strong>Teemu Matilainen<\/strong><br>040&nbsp;588 6531<br><a href=\"mailto:tm.matek@gmail.com\">tm.matek@gmail.com<\/a><\/p>\n<\/div>\n\n\n\n<div class=\"wp-container-11 wp-block-column ticss-f6fc7494\">\n<h3 class=\"has-text-align-center has-neve-text-color-color has-text-color\">Yritys<\/h3>\n\n\n\n<p class=\"has-text-align-center has-nv-dark-bg-color has-text-color\" style=\"font-size:15px\"><strong>Matek Oy<\/strong><br>Y-tunnus 2816565-9<\/p>\n\n\n\n<p class=\"has-text-align-center has-nv-dark-bg-color has-text-color\" style=\"font-size:15px\">Verkkolaskuosoite:<br>003728165659<br>OKOYFIHH<\/p>\n\n\n<div class=\"wp-duotone-rgb515151-rgba2042042040-10 aligncenter wp-block-site-logo\"><a href=\"https:\/\/www.matekoy.fi\/\" class=\"custom-logo-link\" rel=\"home\"><img loading=\"lazy\" width=\"95\" height=\"30\" src=\"https:\/\/www.matekoy.fi\/wp-content\/uploads\/2023\/01\/LOGOGGO.png\" class=\"custom-logo\" alt=\"Matek Oy\" srcset=\"https:\/\/www.matekoy.fi\/wp-content\/uploads\/2023\/01\/LOGOGGO.png 532w, https:\/\/www.matekoy.fi\/wp-content\/uploads\/2023\/01\/LOGOGGO-300x96.png 300w\" sizes=\"(max-width: 95px) 100vw, 95px\" \/><\/a><\/div><\/div>\n\n\n\n<div class=\"wp-container-12 wp-block-column ticss-a5b4df29\">\n<h3 class=\"has-text-align-center has-neve-text-color-color has-text-color\">Postiosoite<\/h3>\n\n\n\n<p class=\"has-text-align-center has-nv-dark-bg-color has-text-color\" style=\"font-size:15px\"><strong>K\u00e4yntiosoite<\/strong><br>Vanhatie 27<br>41400 Lievestuore<\/p>\n\n\n\n<p class=\"has-text-align-center has-nv-dark-bg-color has-text-color\" style=\"font-size:15px\"><strong>Toimisto<\/strong><br>Viertotie 9<br>41400 Lievestuore<\/p>\n<\/div>\n<\/div>\n<\/div><\/div>\n","protected":false},"excerpt":{"rendered":"<p>Palvelut Teollisuusputkistojen valmistusTIG-\/MIG-hitsausTeollisuuden alihankintapalvelut K\u00e4yt\u00f6ss\u00e4mme on T-Drill kaulustuskone sek\u00e4 putkentaivutuskoneita. (TUPO, AMGA) Valmistamme jakotukkeja my\u00f6s mittatilausty\u00f6n\u00e4, kysy tarjous!<\/p>\n","protected":false},"author":2,"featured_media":0,"parent":0,"menu_order":3,"comment_status":"closed","ping_status":"closed","template":"","meta":{"neve_meta_sidebar":"default","neve_meta_container":"default","neve_meta_enable_content_width":"on","neve_meta_content_width":100,"neve_meta_title_alignment":"","neve_meta_author_avatar":"","neve_post_elements_order":"","neve_meta_disable_header":"","neve_meta_disable_footer":"","neve_meta_disable_title":"on"},"yoast_head":"<!-- This site is optimized with the Yoast SEO plugin v19.0 - https:\/\/yoast.com\/wordpress\/plugins\/seo\/ -->\n<title>Palvelut - Matek Oy<\/title>\n<meta name=\"robots\" content=\"index, follow, max-snippet:-1, max-image-preview:large, max-video-preview:-1\" \/>\n<link rel=\"canonical\" href=\"https:\/\/www.matekoy.fi\/?page_id=61\" \/>\n<meta property=\"og:locale\" content=\"en_US\" \/>\n<meta property=\"og:type\" content=\"article\" \/>\n<meta property=\"og:title\" content=\"Palvelut - Matek Oy\" \/>\n<meta property=\"og:description\" content=\"Palvelut Teollisuusputkistojen valmistusTIG-\/MIG-hitsausTeollisuuden alihankintapalvelut K\u00e4yt\u00f6ss\u00e4mme on T-Drill kaulustuskone sek\u00e4 putkentaivutuskoneita. (TUPO, AMGA) Valmistamme jakotukkeja my\u00f6s mittatilausty\u00f6n\u00e4, kysy tarjous!\" \/>\n<meta property=\"og:url\" content=\"https:\/\/www.matekoy.fi\/?page_id=61\" \/>\n<meta property=\"og:site_name\" content=\"Matek Oy\" \/>\n<meta property=\"article:modified_time\" content=\"2023-01-25T01:20:29+00:00\" \/>\n<meta property=\"og:image\" content=\"https:\/\/www.matekoy.fi\/wp-content\/uploads\/2023\/01\/Koneet1-770x1024.jpg\" \/>\n<meta name=\"twitter:card\" content=\"summary_large_image\" \/>\n<meta name=\"twitter:label1\" content=\"Est. reading time\" \/>\n\t<meta name=\"twitter:data1\" content=\"1 minute\" \/>\n<script type=\"application\/ld+json\" class=\"yoast-schema-graph\">{\"@context\":\"https:\/\/schema.org\",\"@graph\":[{\"@type\":\"WebSite\",\"@id\":\"https:\/\/www.matekoy.fi\/#website\",\"url\":\"https:\/\/www.matekoy.fi\/\",\"name\":\"Matek Oy\",\"description\":\"Matek Oy\",\"potentialAction\":[{\"@type\":\"SearchAction\",\"target\":{\"@type\":\"EntryPoint\",\"urlTemplate\":\"https:\/\/www.matekoy.fi\/?s={search_term_string}\"},\"query-input\":\"required name=search_term_string\"}],\"inLanguage\":\"en\"},{\"@type\":\"ImageObject\",\"inLanguage\":\"en\",\"@id\":\"https:\/\/www.matekoy.fi\/?page_id=61#primaryimage\",\"url\":\"https:\/\/www.matekoy.fi\/wp-content\/uploads\/2023\/01\/Koneet1.jpg\",\"contentUrl\":\"https:\/\/www.matekoy.fi\/wp-content\/uploads\/2023\/01\/Koneet1.jpg\",\"width\":1540,\"height\":2048},{\"@type\":\"WebPage\",\"@id\":\"https:\/\/www.matekoy.fi\/?page_id=61#webpage\",\"url\":\"https:\/\/www.matekoy.fi\/?page_id=61\",\"name\":\"Palvelut - Matek Oy\",\"isPartOf\":{\"@id\":\"https:\/\/www.matekoy.fi\/#website\"},\"primaryImageOfPage\":{\"@id\":\"https:\/\/www.matekoy.fi\/?page_id=61#primaryimage\"},\"datePublished\":\"2020-01-23T18:21:52+00:00\",\"dateModified\":\"2023-01-25T01:20:29+00:00\",\"breadcrumb\":{\"@id\":\"https:\/\/www.matekoy.fi\/?page_id=61#breadcrumb\"},\"inLanguage\":\"en\",\"potentialAction\":[{\"@type\":\"ReadAction\",\"target\":[\"https:\/\/www.matekoy.fi\/?page_id=61\"]}]},{\"@type\":\"BreadcrumbList\",\"@id\":\"https:\/\/www.matekoy.fi\/?page_id=61#breadcrumb\",\"itemListElement\":[{\"@type\":\"ListItem\",\"position\":1,\"name\":\"Etusivu\",\"item\":\"https:\/\/www.matekoy.fi\/\"},{\"@type\":\"ListItem\",\"position\":2,\"name\":\"Palvelut\"}]}]}<\/script>\n<!-- \/ Yoast SEO plugin. -->","yoast_head_json":{"title":"Palvelut - Matek Oy","robots":{"index":"index","follow":"follow","max-snippet":"max-snippet:-1","max-image-preview":"max-image-preview:large","max-video-preview":"max-video-preview:-1"},"canonical":"https:\/\/www.matekoy.fi\/?page_id=61","og_locale":"en_US","og_type":"article","og_title":"Palvelut - Matek Oy","og_description":"Palvelut Teollisuusputkistojen valmistusTIG-\/MIG-hitsausTeollisuuden alihankintapalvelut K\u00e4yt\u00f6ss\u00e4mme on T-Drill kaulustuskone sek\u00e4 putkentaivutuskoneita. (TUPO, AMGA) Valmistamme jakotukkeja my\u00f6s mittatilausty\u00f6n\u00e4, kysy tarjous!","og_url":"https:\/\/www.matekoy.fi\/?page_id=61","og_site_name":"Matek Oy","article_modified_time":"2023-01-25T01:20:29+00:00","og_image":[{"url":"https:\/\/www.matekoy.fi\/wp-content\/uploads\/2023\/01\/Koneet1-770x1024.jpg"}],"twitter_card":"summary_large_image","twitter_misc":{"Est. reading time":"1 minute"},"schema":{"@context":"https:\/\/schema.org","@graph":[{"@type":"WebSite","@id":"https:\/\/www.matekoy.fi\/#website","url":"https:\/\/www.matekoy.fi\/","name":"Matek Oy","description":"Matek Oy","potentialAction":[{"@type":"SearchAction","target":{"@type":"EntryPoint","urlTemplate":"https:\/\/www.matekoy.fi\/?s={search_term_string}"},"query-input":"required name=search_term_string"}],"inLanguage":"en"},{"@type":"ImageObject","inLanguage":"en","@id":"https:\/\/www.matekoy.fi\/?page_id=61#primaryimage","url":"https:\/\/www.matekoy.fi\/wp-content\/uploads\/2023\/01\/Koneet1.jpg","contentUrl":"https:\/\/www.matekoy.fi\/wp-content\/uploads\/2023\/01\/Koneet1.jpg","width":1540,"height":2048},{"@type":"WebPage","@id":"https:\/\/www.matekoy.fi\/?page_id=61#webpage","url":"https:\/\/www.matekoy.fi\/?page_id=61","name":"Palvelut - Matek Oy","isPartOf":{"@id":"https:\/\/www.matekoy.fi\/#website"},"primaryImageOfPage":{"@id":"https:\/\/www.matekoy.fi\/?page_id=61#primaryimage"},"datePublished":"2020-01-23T18:21:52+00:00","dateModified":"2023-01-25T01:20:29+00:00","breadcrumb":{"@id":"https:\/\/www.matekoy.fi\/?page_id=61#breadcrumb"},"inLanguage":"en","potentialAction":[{"@type":"ReadAction","target":["https:\/\/www.matekoy.fi\/?page_id=61"]}]},{"@type":"BreadcrumbList","@id":"https:\/\/www.matekoy.fi\/?page_id=61#breadcrumb","itemListElement":[{"@type":"ListItem","position":1,"name":"Etusivu","item":"https:\/\/www.matekoy.fi\/"},{"@type":"ListItem","position":2,"name":"Palvelut"}]}]}},"_links":{"self":[{"href":"https:\/\/www.matekoy.fi\/index.php?rest_route=\/wp\/v2\/pages\/61"}],"collection":[{"href":"https:\/\/www.matekoy.fi\/index.php?rest_route=\/wp\/v2\/pages"}],"about":[{"href":"https:\/\/www.matekoy.fi\/index.php?rest_route=\/wp\/v2\/types\/page"}],"author":[{"embeddable":true,"href":"https:\/\/www.matekoy.fi\/index.php?rest_route=\/wp\/v2\/users\/2"}],"replies":[{"embeddable":true,"href":"https:\/\/www.matekoy.fi\/index.php?rest_route=%2Fwp%2Fv2%2Fcomments&post=61"}],"version-history":[{"count":27,"href":"https:\/\/www.matekoy.fi\/index.php?rest_route=\/wp\/v2\/pages\/61\/revisions"}],"predecessor-version":[{"id":1049,"href":"https:\/\/www.matekoy.fi\/index.php?rest_route=\/wp\/v2\/pages\/61\/revisions\/1049"}],"wp:attachment":[{"href":"https:\/\/www.matekoy.fi\/index.php?rest_route=%2Fwp%2Fv2%2Fmedia&parent=61"}],"curies":[{"name":"wp","href":"https:\/\/api.w.org\/{rel}","templated":true}]}}