{"id":69,"date":"2020-01-27T08:05:29","date_gmt":"2020-01-27T08:05:29","guid":{"rendered":"https:\/\/demosites.io\/web-agency-gb\/?page_id=69"},"modified":"2023-01-25T01:25:00","modified_gmt":"2023-01-25T01:25:00","slug":"yhteystiedot","status":"publish","type":"page","link":"https:\/\/www.matekoy.fi\/?page_id=69","title":{"rendered":"Henkil\u00f6st\u00f6"},"content":{"rendered":"\n<h2 class=\"has-text-align-center\">Henkil\u00f6st\u00f6<\/h2>\n\n\n\n<div style=\"height:20px\" aria-hidden=\"true\" class=\"wp-block-spacer\"><\/div>\n\n\n\n<div class=\"wp-container-4 wp-block-columns\">\n<div class=\"wp-container-1 wp-block-column is-vertically-aligned-top\" style=\"flex-basis:33.34%\">\n<p style=\"font-size:17px\"><strong>Teemu Matilainen<\/strong><br>TOIMITUSJOHTAJA<br>040&nbsp;588 6531<br><a href=\"mailto:tm.matek@gmail.com\">tm.matek@gmail.com<\/a><\/p>\n<\/div>\n\n\n\n<div class=\"wp-container-2 wp-block-column is-vertically-aligned-top\">\n<p style=\"font-size:17px\"><strong>Katja Matilainen<\/strong><br>TOIMISTOSIHTEERI<br>040&nbsp;747 8975<br><a href=\"mailto:toimisto.matek@outlook.com\">toimisto.matek@outlook.com<\/a><\/p>\n<\/div>\n\n\n\n<div class=\"wp-container-3 wp-block-column\" style=\"flex-basis:33.34%\">\n<p class=\"has-text-align-left has-medium-font-size\">Yrityksess\u00e4mme ty\u00f6skentelee noin kymmenen asennus- sek\u00e4 hitsaust\u00f6iden ammattilaista. Tarjoamme ty\u00f6ntekij\u00f6it\u00e4mme asennusty\u00f6maille sek\u00e4 Suomen sis\u00e4isesti ett\u00e4 ulkomaille.<\/p>\n<\/div>\n<\/div>\n\n\n\n<figure class=\"wp-block-image size-large is-resized\"><img loading=\"lazy\" src=\"https:\/\/www.matekoy.fi\/wp-content\/uploads\/2023\/01\/Henkilosto2-1-1024x768.jpg\" alt=\"\" class=\"wp-image-879\" width=\"1168\" height=\"876\" srcset=\"https:\/\/www.matekoy.fi\/wp-content\/uploads\/2023\/01\/Henkilosto2-1-1024x768.jpg 1024w, https:\/\/www.matekoy.fi\/wp-content\/uploads\/2023\/01\/Henkilosto2-1-300x225.jpg 300w, https:\/\/www.matekoy.fi\/wp-content\/uploads\/2023\/01\/Henkilosto2-1-768x576.jpg 768w, https:\/\/www.matekoy.fi\/wp-content\/uploads\/2023\/01\/Henkilosto2-1-1536x1152.jpg 1536w, https:\/\/www.matekoy.fi\/wp-content\/uploads\/2023\/01\/Henkilosto2-1.jpg 2048w\" sizes=\"(max-width: 1168px) 100vw, 1168px\" \/><\/figure>\n\n\n\n<div style=\"height:25px\" aria-hidden=\"true\" class=\"wp-block-spacer\"><\/div>\n\n\n\n<div class=\"wp-block-cover alignfull\" style=\"min-height:351px\"><span aria-hidden=\"true\" class=\"wp-block-cover__background has-nv-light-bg-background-color has-background-dim-100 has-background-dim\"><\/span><div class=\"wp-block-cover__inner-container\">\n<div style=\"height:20px\" aria-hidden=\"true\" class=\"wp-block-spacer\"><\/div>\n\n\n\n<div class=\"wp-container-9 wp-block-columns\">\n<div class=\"wp-container-5 wp-block-column ticss-4ce656f1\">\n<h3 class=\"has-text-align-center has-neve-text-color-color has-text-color\">Yhteystiedot<\/h3>\n\n\n\n<p class=\"has-text-align-center has-nv-dark-bg-color has-text-color\" style=\"font-size:15px\"><strong>Teemu Matilainen<\/strong><br>040&nbsp;588 6531<br><a href=\"mailto:tm.matek@gmail.com\">tm.matek@gmail.com<\/a><\/p>\n<\/div>\n\n\n\n<div class=\"wp-container-7 wp-block-column ticss-f6fc7494\">\n<h3 class=\"has-text-align-center has-neve-text-color-color has-text-color\">Yritys<\/h3>\n\n\n\n<p class=\"has-text-align-center has-nv-dark-bg-color has-text-color\" style=\"font-size:15px\"><strong>Matek Oy<\/strong><br>Y-tunnus 2816565-9<\/p>\n\n\n\n<p class=\"has-text-align-center has-nv-dark-bg-color has-text-color\" style=\"font-size:15px\">Verkkolaskuosoite:<br>003728165659<br>OKOYFIHH<\/p>\n\n\n<div class=\"wp-duotone-rgb515151-rgba2042042040-6 aligncenter wp-block-site-logo\"><a href=\"https:\/\/www.matekoy.fi\/\" class=\"custom-logo-link\" rel=\"home\"><img loading=\"lazy\" width=\"95\" height=\"30\" src=\"https:\/\/www.matekoy.fi\/wp-content\/uploads\/2023\/01\/LOGOGGO.png\" class=\"custom-logo\" alt=\"Matek Oy\" srcset=\"https:\/\/www.matekoy.fi\/wp-content\/uploads\/2023\/01\/LOGOGGO.png 532w, https:\/\/www.matekoy.fi\/wp-content\/uploads\/2023\/01\/LOGOGGO-300x96.png 300w\" sizes=\"(max-width: 95px) 100vw, 95px\" \/><\/a><\/div><\/div>\n\n\n\n<div class=\"wp-container-8 wp-block-column ticss-a5b4df29\">\n<h3 class=\"has-text-align-center has-neve-text-color-color has-text-color\">Postiosoite<\/h3>\n\n\n\n<p class=\"has-text-align-center has-nv-dark-bg-color has-text-color\" style=\"font-size:15px\"><strong>K\u00e4yntiosoite<\/strong><br>Vanhatie 27<br>41400 Lievestuore<\/p>\n\n\n\n<p class=\"has-text-align-center has-nv-dark-bg-color has-text-color\" style=\"font-size:15px\"><strong>Toimisto<\/strong><br>Viertotie 9<br>41400 Lievestuore<\/p>\n<\/div>\n<\/div>\n<\/div><\/div>\n","protected":false},"excerpt":{"rendered":"<p>Henkil\u00f6st\u00f6 Teemu MatilainenTOIMITUSJOHTAJA040&nbsp;588 6531tm.matek@gmail.com Katja MatilainenTOIMISTOSIHTEERI040&nbsp;747 8975toimisto.matek@outlook.com Yrityksess\u00e4mme ty\u00f6skentelee noin kymmenen asennus- sek\u00e4 hitsaust\u00f6iden ammattilaista. Tarjoamme ty\u00f6ntekij\u00f6it\u00e4mme asennusty\u00f6maille sek\u00e4 Suomen sis\u00e4isesti ett\u00e4 ulkomaille.<\/p>\n","protected":false},"author":2,"featured_media":0,"parent":0,"menu_order":4,"comment_status":"closed","ping_status":"closed","template":"","meta":{"neve_meta_sidebar":"full-width","neve_meta_container":"","neve_meta_enable_content_width":"on","neve_meta_content_width":100,"neve_meta_title_alignment":"","neve_meta_author_avatar":"","neve_post_elements_order":"","neve_meta_disable_header":"","neve_meta_disable_footer":"","neve_meta_disable_title":"on"},"yoast_head":"<!-- This site is optimized with the Yoast SEO plugin v19.0 - https:\/\/yoast.com\/wordpress\/plugins\/seo\/ -->\n<title>Henkil\u00f6st\u00f6 - Matek Oy<\/title>\n<meta name=\"robots\" content=\"index, follow, max-snippet:-1, max-image-preview:large, max-video-preview:-1\" \/>\n<link rel=\"canonical\" href=\"https:\/\/www.matekoy.fi\/?page_id=69\" \/>\n<meta property=\"og:locale\" content=\"en_US\" \/>\n<meta property=\"og:type\" content=\"article\" \/>\n<meta property=\"og:title\" content=\"Henkil\u00f6st\u00f6 - Matek Oy\" \/>\n<meta property=\"og:description\" content=\"Henkil\u00f6st\u00f6 Teemu MatilainenTOIMITUSJOHTAJA040&nbsp;588 6531tm.matek@gmail.com Katja MatilainenTOIMISTOSIHTEERI040&nbsp;747 8975toimisto.matek@outlook.com Yrityksess\u00e4mme ty\u00f6skentelee noin kymmenen asennus- sek\u00e4 hitsaust\u00f6iden ammattilaista. Tarjoamme ty\u00f6ntekij\u00f6it\u00e4mme asennusty\u00f6maille sek\u00e4 Suomen sis\u00e4isesti ett\u00e4 ulkomaille.\" \/>\n<meta property=\"og:url\" content=\"https:\/\/www.matekoy.fi\/?page_id=69\" \/>\n<meta property=\"og:site_name\" content=\"Matek Oy\" \/>\n<meta property=\"article:modified_time\" content=\"2023-01-25T01:25:00+00:00\" \/>\n<meta property=\"og:image\" content=\"https:\/\/www.matekoy.fi\/wp-content\/uploads\/2023\/01\/Henkilosto2-1-1024x768.jpg\" \/>\n<meta name=\"twitter:card\" content=\"summary_large_image\" \/>\n<meta name=\"twitter:label1\" content=\"Est. reading time\" \/>\n\t<meta name=\"twitter:data1\" content=\"1 minute\" \/>\n<script type=\"application\/ld+json\" class=\"yoast-schema-graph\">{\"@context\":\"https:\/\/schema.org\",\"@graph\":[{\"@type\":\"WebSite\",\"@id\":\"https:\/\/www.matekoy.fi\/#website\",\"url\":\"https:\/\/www.matekoy.fi\/\",\"name\":\"Matek Oy\",\"description\":\"Matek Oy\",\"potentialAction\":[{\"@type\":\"SearchAction\",\"target\":{\"@type\":\"EntryPoint\",\"urlTemplate\":\"https:\/\/www.matekoy.fi\/?s={search_term_string}\"},\"query-input\":\"required name=search_term_string\"}],\"inLanguage\":\"en\"},{\"@type\":\"ImageObject\",\"inLanguage\":\"en\",\"@id\":\"https:\/\/www.matekoy.fi\/?page_id=69#primaryimage\",\"url\":\"https:\/\/www.matekoy.fi\/wp-content\/uploads\/2023\/01\/Henkilosto2-1.jpg\",\"contentUrl\":\"https:\/\/www.matekoy.fi\/wp-content\/uploads\/2023\/01\/Henkilosto2-1.jpg\",\"width\":2048,\"height\":1536},{\"@type\":\"WebPage\",\"@id\":\"https:\/\/www.matekoy.fi\/?page_id=69#webpage\",\"url\":\"https:\/\/www.matekoy.fi\/?page_id=69\",\"name\":\"Henkil\u00f6st\u00f6 - Matek Oy\",\"isPartOf\":{\"@id\":\"https:\/\/www.matekoy.fi\/#website\"},\"primaryImageOfPage\":{\"@id\":\"https:\/\/www.matekoy.fi\/?page_id=69#primaryimage\"},\"datePublished\":\"2020-01-27T08:05:29+00:00\",\"dateModified\":\"2023-01-25T01:25:00+00:00\",\"breadcrumb\":{\"@id\":\"https:\/\/www.matekoy.fi\/?page_id=69#breadcrumb\"},\"inLanguage\":\"en\",\"potentialAction\":[{\"@type\":\"ReadAction\",\"target\":[\"https:\/\/www.matekoy.fi\/?page_id=69\"]}]},{\"@type\":\"BreadcrumbList\",\"@id\":\"https:\/\/www.matekoy.fi\/?page_id=69#breadcrumb\",\"itemListElement\":[{\"@type\":\"ListItem\",\"position\":1,\"name\":\"Etusivu\",\"item\":\"https:\/\/www.matekoy.fi\/\"},{\"@type\":\"ListItem\",\"position\":2,\"name\":\"Henkil\u00f6st\u00f6\"}]}]}<\/script>\n<!-- \/ Yoast SEO plugin. -->","yoast_head_json":{"title":"Henkil\u00f6st\u00f6 - Matek Oy","robots":{"index":"index","follow":"follow","max-snippet":"max-snippet:-1","max-image-preview":"max-image-preview:large","max-video-preview":"max-video-preview:-1"},"canonical":"https:\/\/www.matekoy.fi\/?page_id=69","og_locale":"en_US","og_type":"article","og_title":"Henkil\u00f6st\u00f6 - Matek Oy","og_description":"Henkil\u00f6st\u00f6 Teemu MatilainenTOIMITUSJOHTAJA040&nbsp;588 6531tm.matek@gmail.com Katja MatilainenTOIMISTOSIHTEERI040&nbsp;747 8975toimisto.matek@outlook.com Yrityksess\u00e4mme ty\u00f6skentelee noin kymmenen asennus- sek\u00e4 hitsaust\u00f6iden ammattilaista. Tarjoamme ty\u00f6ntekij\u00f6it\u00e4mme asennusty\u00f6maille sek\u00e4 Suomen sis\u00e4isesti ett\u00e4 ulkomaille.","og_url":"https:\/\/www.matekoy.fi\/?page_id=69","og_site_name":"Matek Oy","article_modified_time":"2023-01-25T01:25:00+00:00","og_image":[{"url":"https:\/\/www.matekoy.fi\/wp-content\/uploads\/2023\/01\/Henkilosto2-1-1024x768.jpg"}],"twitter_card":"summary_large_image","twitter_misc":{"Est. reading time":"1 minute"},"schema":{"@context":"https:\/\/schema.org","@graph":[{"@type":"WebSite","@id":"https:\/\/www.matekoy.fi\/#website","url":"https:\/\/www.matekoy.fi\/","name":"Matek Oy","description":"Matek Oy","potentialAction":[{"@type":"SearchAction","target":{"@type":"EntryPoint","urlTemplate":"https:\/\/www.matekoy.fi\/?s={search_term_string}"},"query-input":"required name=search_term_string"}],"inLanguage":"en"},{"@type":"ImageObject","inLanguage":"en","@id":"https:\/\/www.matekoy.fi\/?page_id=69#primaryimage","url":"https:\/\/www.matekoy.fi\/wp-content\/uploads\/2023\/01\/Henkilosto2-1.jpg","contentUrl":"https:\/\/www.matekoy.fi\/wp-content\/uploads\/2023\/01\/Henkilosto2-1.jpg","width":2048,"height":1536},{"@type":"WebPage","@id":"https:\/\/www.matekoy.fi\/?page_id=69#webpage","url":"https:\/\/www.matekoy.fi\/?page_id=69","name":"Henkil\u00f6st\u00f6 - Matek Oy","isPartOf":{"@id":"https:\/\/www.matekoy.fi\/#website"},"primaryImageOfPage":{"@id":"https:\/\/www.matekoy.fi\/?page_id=69#primaryimage"},"datePublished":"2020-01-27T08:05:29+00:00","dateModified":"2023-01-25T01:25:00+00:00","breadcrumb":{"@id":"https:\/\/www.matekoy.fi\/?page_id=69#breadcrumb"},"inLanguage":"en","potentialAction":[{"@type":"ReadAction","target":["https:\/\/www.matekoy.fi\/?page_id=69"]}]},{"@type":"BreadcrumbList","@id":"https:\/\/www.matekoy.fi\/?page_id=69#breadcrumb","itemListElement":[{"@type":"ListItem","position":1,"name":"Etusivu","item":"https:\/\/www.matekoy.fi\/"},{"@type":"ListItem","position":2,"name":"Henkil\u00f6st\u00f6"}]}]}},"_links":{"self":[{"href":"https:\/\/www.matekoy.fi\/index.php?rest_route=\/wp\/v2\/pages\/69"}],"collection":[{"href":"https:\/\/www.matekoy.fi\/index.php?rest_route=\/wp\/v2\/pages"}],"about":[{"href":"https:\/\/www.matekoy.fi\/index.php?rest_route=\/wp\/v2\/types\/page"}],"author":[{"embeddable":true,"href":"https:\/\/www.matekoy.fi\/index.php?rest_route=\/wp\/v2\/users\/2"}],"replies":[{"embeddable":true,"href":"https:\/\/www.matekoy.fi\/index.php?rest_route=%2Fwp%2Fv2%2Fcomments&post=69"}],"version-history":[{"count":67,"href":"https:\/\/www.matekoy.fi\/index.php?rest_route=\/wp\/v2\/pages\/69\/revisions"}],"predecessor-version":[{"id":1061,"href":"https:\/\/www.matekoy.fi\/index.php?rest_route=\/wp\/v2\/pages\/69\/revisions\/1061"}],"wp:attachment":[{"href":"https:\/\/www.matekoy.fi\/index.php?rest_route=%2Fwp%2Fv2%2Fmedia&parent=69"}],"curies":[{"name":"wp","href":"https:\/\/api.w.org\/{rel}","templated":true}]}}