{"id":75,"date":"2020-01-27T08:29:32","date_gmt":"2020-01-27T08:29:32","guid":{"rendered":"https:\/\/demosites.io\/web-agency-gb\/?page_id=75"},"modified":"2023-01-25T01:22:59","modified_gmt":"2023-01-25T01:22:59","slug":"ota-yhteytta","status":"publish","type":"page","link":"https:\/\/www.matekoy.fi\/?page_id=75","title":{"rendered":"Ota yhteytt\u00e4"},"content":{"rendered":"\n<h1 class=\"has-text-align-left\">Ota yhteytt\u00e4<\/h1>\n\n\n\n<div class=\"wp-container-2 wp-block-group\"><div class=\"wp-block-group__inner-container\">\n<div class=\"wp-container-1 wp-block-group\"><div class=\"wp-block-group__inner-container\"><div class=\"wp-block-image\">\n<figure class=\"alignleft size-large is-resized\"><img loading=\"lazy\" src=\"https:\/\/www.matekoy.fi\/wp-content\/uploads\/2023\/01\/matek1-1024x768.jpg\" alt=\"\" class=\"wp-image-935\" width=\"610\" height=\"457\" srcset=\"https:\/\/www.matekoy.fi\/wp-content\/uploads\/2023\/01\/matek1-1024x768.jpg 1024w, https:\/\/www.matekoy.fi\/wp-content\/uploads\/2023\/01\/matek1-300x225.jpg 300w, https:\/\/www.matekoy.fi\/wp-content\/uploads\/2023\/01\/matek1-768x576.jpg 768w, https:\/\/www.matekoy.fi\/wp-content\/uploads\/2023\/01\/matek1-1536x1152.jpg 1536w, https:\/\/www.matekoy.fi\/wp-content\/uploads\/2023\/01\/matek1.jpg 2048w\" sizes=\"(max-width: 610px) 100vw, 610px\" \/><\/figure><\/div>\n\n<div class=\"wpforms-container wpforms-container-full\" id=\"wpforms-630\"><form id=\"wpforms-form-630\" class=\"wpforms-validate wpforms-form wpforms-ajax-form\" data-formid=\"630\" method=\"post\" enctype=\"multipart\/form-data\" action=\"\/index.php?rest_route=%2Fwp%2Fv2%2Fpages%2F75\" data-token=\"4c4042f4c98e268380e31f1581f8491a\"><noscript class=\"wpforms-error-noscript\">Please enable JavaScript in your browser to complete this form.<\/noscript><div class=\"wpforms-field-container\"><div id=\"wpforms-630-field_0-container\" class=\"wpforms-field wpforms-field-name\" data-field-id=\"0\"><label class=\"wpforms-field-label\" for=\"wpforms-630-field_0\">Nimi <span class=\"wpforms-required-label\">*<\/span><\/label><input type=\"text\" id=\"wpforms-630-field_0\" class=\"wpforms-field-medium wpforms-field-required\" name=\"wpforms[fields][0]\" required><\/div><div id=\"wpforms-630-field_4-container\" class=\"wpforms-field wpforms-field-name\" data-field-id=\"4\"><label class=\"wpforms-field-label\" for=\"wpforms-630-field_4\">S\u00e4hk\u00f6posti <span class=\"wpforms-required-label\">*<\/span><\/label><input type=\"text\" id=\"wpforms-630-field_4\" class=\"wpforms-field-medium wpforms-field-required\" name=\"wpforms[fields][4]\" required><\/div><div id=\"wpforms-630-field_3-container\" class=\"wpforms-field wpforms-field-text\" data-field-id=\"3\"><label class=\"wpforms-field-label\" for=\"wpforms-630-field_3\">Yritys<\/label><input type=\"text\" id=\"wpforms-630-field_3\" class=\"wpforms-field-medium\" name=\"wpforms[fields][3]\" ><\/div><div id=\"wpforms-630-field_2-container\" class=\"wpforms-field wpforms-field-textarea\" data-field-id=\"2\"><label class=\"wpforms-field-label\" for=\"wpforms-630-field_2\">Viesti <span class=\"wpforms-required-label\">*<\/span><\/label><textarea id=\"wpforms-630-field_2\" class=\"wpforms-field-medium wpforms-field-required\" name=\"wpforms[fields][2]\" required><\/textarea><\/div><\/div><div class=\"wpforms-submit-container\"><input type=\"hidden\" name=\"wpforms[id]\" value=\"630\"><input type=\"hidden\" name=\"wpforms[author]\" value=\"2\"><button type=\"submit\" name=\"wpforms[submit]\" id=\"wpforms-submit-630\" class=\"wpforms-submit\" data-alt-text=\"L\u00e4hetet\u00e4\u00e4n...\" data-submit-text=\"L\u00e4het\u00e4\" aria-live=\"assertive\" value=\"wpforms-submit\">L\u00e4het\u00e4<\/button><img src=\"https:\/\/www.matekoy.fi\/wp-content\/plugins\/wpforms-lite\/assets\/images\/submit-spin.svg\" class=\"wpforms-submit-spinner\" style=\"display: none;\" width=\"26\" height=\"26\" alt=\"\"><\/div><\/form><\/div>  <!-- .wpforms-container --><\/div><\/div>\n<\/div><\/div>\n\n\n\n<div class=\"wp-block-cover alignfull\" style=\"min-height:351px\"><span aria-hidden=\"true\" class=\"wp-block-cover__background has-nv-light-bg-background-color has-background-dim-100 has-background-dim\"><\/span><div class=\"wp-block-cover__inner-container\">\n<div style=\"height:20px\" aria-hidden=\"true\" class=\"wp-block-spacer\"><\/div>\n\n\n\n<div class=\"wp-container-7 wp-block-columns\">\n<div class=\"wp-container-3 wp-block-column ticss-4ce656f1\">\n<h3 class=\"has-text-align-center has-neve-text-color-color has-text-color\">Yhteystiedot<\/h3>\n\n\n\n<p class=\"has-text-align-center has-nv-dark-bg-color has-text-color\" style=\"font-size:15px\"><strong>Teemu Matilainen<\/strong><br>040&nbsp;588 6531<br><a href=\"mailto:tm.matek@gmail.com\">tm.matek@gmail.com<\/a><\/p>\n<\/div>\n\n\n\n<div class=\"wp-container-5 wp-block-column ticss-f6fc7494\">\n<h3 class=\"has-text-align-center has-neve-text-color-color has-text-color\">Yritys<\/h3>\n\n\n\n<p class=\"has-text-align-center has-nv-dark-bg-color has-text-color\" style=\"font-size:15px\"><strong>Matek Oy<\/strong><br>Y-tunnus 2816565-9<\/p>\n\n\n\n<p class=\"has-text-align-center has-nv-dark-bg-color has-text-color\" style=\"font-size:15px\">Verkkolaskuosoite:<br>003728165659<br>OKOYFIHH<\/p>\n\n\n<div class=\"wp-duotone-rgb515151-rgba2042042040-4 aligncenter wp-block-site-logo\"><a href=\"https:\/\/www.matekoy.fi\/\" class=\"custom-logo-link\" rel=\"home\"><img loading=\"lazy\" width=\"95\" height=\"30\" src=\"https:\/\/www.matekoy.fi\/wp-content\/uploads\/2023\/01\/LOGOGGO.png\" class=\"custom-logo\" alt=\"Matek Oy\" srcset=\"https:\/\/www.matekoy.fi\/wp-content\/uploads\/2023\/01\/LOGOGGO.png 532w, https:\/\/www.matekoy.fi\/wp-content\/uploads\/2023\/01\/LOGOGGO-300x96.png 300w\" sizes=\"(max-width: 95px) 100vw, 95px\" \/><\/a><\/div><\/div>\n\n\n\n<div class=\"wp-container-6 wp-block-column ticss-a5b4df29\">\n<h3 class=\"has-text-align-center has-neve-text-color-color has-text-color\">Postiosoite<\/h3>\n\n\n\n<p class=\"has-text-align-center has-nv-dark-bg-color has-text-color\" style=\"font-size:15px\"><strong>K\u00e4yntiosoite<\/strong><br>Vanhatie 27<br>41400 Lievestuore<\/p>\n\n\n\n<p class=\"has-text-align-center has-nv-dark-bg-color has-text-color\" style=\"font-size:15px\"><strong>Toimisto<\/strong><br>Viertotie 9<br>41400 Lievestuore<\/p>\n<\/div>\n<\/div>\n<\/div><\/div>\n","protected":false},"excerpt":{"rendered":"<p>Ota yhteytt\u00e4<\/p>\n","protected":false},"author":2,"featured_media":0,"parent":0,"menu_order":2,"comment_status":"closed","ping_status":"closed","template":"","meta":{"neve_meta_sidebar":"default","neve_meta_container":"","neve_meta_enable_content_width":"on","neve_meta_content_width":100,"neve_meta_title_alignment":"","neve_meta_author_avatar":"","neve_post_elements_order":"","neve_meta_disable_header":"","neve_meta_disable_footer":"","neve_meta_disable_title":"on"},"yoast_head":"<!-- This site is optimized with the Yoast SEO plugin v19.0 - https:\/\/yoast.com\/wordpress\/plugins\/seo\/ -->\n<title>Ota yhteytt\u00e4 - Matek Oy<\/title>\n<meta name=\"robots\" content=\"index, follow, max-snippet:-1, max-image-preview:large, max-video-preview:-1\" \/>\n<link rel=\"canonical\" href=\"https:\/\/www.matekoy.fi\/?page_id=75\" \/>\n<meta property=\"og:locale\" content=\"en_US\" \/>\n<meta property=\"og:type\" content=\"article\" \/>\n<meta property=\"og:title\" content=\"Ota yhteytt\u00e4 - Matek Oy\" \/>\n<meta property=\"og:description\" content=\"Ota yhteytt\u00e4\" \/>\n<meta property=\"og:url\" content=\"https:\/\/www.matekoy.fi\/?page_id=75\" \/>\n<meta property=\"og:site_name\" content=\"Matek Oy\" \/>\n<meta property=\"article:modified_time\" content=\"2023-01-25T01:22:59+00:00\" \/>\n<meta property=\"og:image\" content=\"https:\/\/www.matekoy.fi\/wp-content\/uploads\/2023\/01\/matek1-1024x768.jpg\" \/>\n<meta name=\"twitter:card\" content=\"summary_large_image\" \/>\n<meta name=\"twitter:label1\" content=\"Est. reading time\" \/>\n\t<meta name=\"twitter:data1\" content=\"1 minute\" \/>\n<script type=\"application\/ld+json\" class=\"yoast-schema-graph\">{\"@context\":\"https:\/\/schema.org\",\"@graph\":[{\"@type\":\"WebSite\",\"@id\":\"https:\/\/www.matekoy.fi\/#website\",\"url\":\"https:\/\/www.matekoy.fi\/\",\"name\":\"Matek Oy\",\"description\":\"Matek Oy\",\"potentialAction\":[{\"@type\":\"SearchAction\",\"target\":{\"@type\":\"EntryPoint\",\"urlTemplate\":\"https:\/\/www.matekoy.fi\/?s={search_term_string}\"},\"query-input\":\"required name=search_term_string\"}],\"inLanguage\":\"en\"},{\"@type\":\"ImageObject\",\"inLanguage\":\"en\",\"@id\":\"https:\/\/www.matekoy.fi\/?page_id=75#primaryimage\",\"url\":\"https:\/\/www.matekoy.fi\/wp-content\/uploads\/2023\/01\/matek1.jpg\",\"contentUrl\":\"https:\/\/www.matekoy.fi\/wp-content\/uploads\/2023\/01\/matek1.jpg\",\"width\":2048,\"height\":1536},{\"@type\":\"WebPage\",\"@id\":\"https:\/\/www.matekoy.fi\/?page_id=75#webpage\",\"url\":\"https:\/\/www.matekoy.fi\/?page_id=75\",\"name\":\"Ota yhteytt\u00e4 - Matek Oy\",\"isPartOf\":{\"@id\":\"https:\/\/www.matekoy.fi\/#website\"},\"primaryImageOfPage\":{\"@id\":\"https:\/\/www.matekoy.fi\/?page_id=75#primaryimage\"},\"datePublished\":\"2020-01-27T08:29:32+00:00\",\"dateModified\":\"2023-01-25T01:22:59+00:00\",\"breadcrumb\":{\"@id\":\"https:\/\/www.matekoy.fi\/?page_id=75#breadcrumb\"},\"inLanguage\":\"en\",\"potentialAction\":[{\"@type\":\"ReadAction\",\"target\":[\"https:\/\/www.matekoy.fi\/?page_id=75\"]}]},{\"@type\":\"BreadcrumbList\",\"@id\":\"https:\/\/www.matekoy.fi\/?page_id=75#breadcrumb\",\"itemListElement\":[{\"@type\":\"ListItem\",\"position\":1,\"name\":\"Etusivu\",\"item\":\"https:\/\/www.matekoy.fi\/\"},{\"@type\":\"ListItem\",\"position\":2,\"name\":\"Ota yhteytt\u00e4\"}]}]}<\/script>\n<!-- \/ Yoast SEO plugin. -->","yoast_head_json":{"title":"Ota yhteytt\u00e4 - Matek Oy","robots":{"index":"index","follow":"follow","max-snippet":"max-snippet:-1","max-image-preview":"max-image-preview:large","max-video-preview":"max-video-preview:-1"},"canonical":"https:\/\/www.matekoy.fi\/?page_id=75","og_locale":"en_US","og_type":"article","og_title":"Ota yhteytt\u00e4 - Matek Oy","og_description":"Ota yhteytt\u00e4","og_url":"https:\/\/www.matekoy.fi\/?page_id=75","og_site_name":"Matek Oy","article_modified_time":"2023-01-25T01:22:59+00:00","og_image":[{"url":"https:\/\/www.matekoy.fi\/wp-content\/uploads\/2023\/01\/matek1-1024x768.jpg"}],"twitter_card":"summary_large_image","twitter_misc":{"Est. reading time":"1 minute"},"schema":{"@context":"https:\/\/schema.org","@graph":[{"@type":"WebSite","@id":"https:\/\/www.matekoy.fi\/#website","url":"https:\/\/www.matekoy.fi\/","name":"Matek Oy","description":"Matek Oy","potentialAction":[{"@type":"SearchAction","target":{"@type":"EntryPoint","urlTemplate":"https:\/\/www.matekoy.fi\/?s={search_term_string}"},"query-input":"required name=search_term_string"}],"inLanguage":"en"},{"@type":"ImageObject","inLanguage":"en","@id":"https:\/\/www.matekoy.fi\/?page_id=75#primaryimage","url":"https:\/\/www.matekoy.fi\/wp-content\/uploads\/2023\/01\/matek1.jpg","contentUrl":"https:\/\/www.matekoy.fi\/wp-content\/uploads\/2023\/01\/matek1.jpg","width":2048,"height":1536},{"@type":"WebPage","@id":"https:\/\/www.matekoy.fi\/?page_id=75#webpage","url":"https:\/\/www.matekoy.fi\/?page_id=75","name":"Ota yhteytt\u00e4 - Matek Oy","isPartOf":{"@id":"https:\/\/www.matekoy.fi\/#website"},"primaryImageOfPage":{"@id":"https:\/\/www.matekoy.fi\/?page_id=75#primaryimage"},"datePublished":"2020-01-27T08:29:32+00:00","dateModified":"2023-01-25T01:22:59+00:00","breadcrumb":{"@id":"https:\/\/www.matekoy.fi\/?page_id=75#breadcrumb"},"inLanguage":"en","potentialAction":[{"@type":"ReadAction","target":["https:\/\/www.matekoy.fi\/?page_id=75"]}]},{"@type":"BreadcrumbList","@id":"https:\/\/www.matekoy.fi\/?page_id=75#breadcrumb","itemListElement":[{"@type":"ListItem","position":1,"name":"Etusivu","item":"https:\/\/www.matekoy.fi\/"},{"@type":"ListItem","position":2,"name":"Ota yhteytt\u00e4"}]}]}},"_links":{"self":[{"href":"https:\/\/www.matekoy.fi\/index.php?rest_route=\/wp\/v2\/pages\/75"}],"collection":[{"href":"https:\/\/www.matekoy.fi\/index.php?rest_route=\/wp\/v2\/pages"}],"about":[{"href":"https:\/\/www.matekoy.fi\/index.php?rest_route=\/wp\/v2\/types\/page"}],"author":[{"embeddable":true,"href":"https:\/\/www.matekoy.fi\/index.php?rest_route=\/wp\/v2\/users\/2"}],"replies":[{"embeddable":true,"href":"https:\/\/www.matekoy.fi\/index.php?rest_route=%2Fwp%2Fv2%2Fcomments&post=75"}],"version-history":[{"count":35,"href":"https:\/\/www.matekoy.fi\/index.php?rest_route=\/wp\/v2\/pages\/75\/revisions"}],"predecessor-version":[{"id":1057,"href":"https:\/\/www.matekoy.fi\/index.php?rest_route=\/wp\/v2\/pages\/75\/revisions\/1057"}],"wp:attachment":[{"href":"https:\/\/www.matekoy.fi\/index.php?rest_route=%2Fwp%2Fv2%2Fmedia&parent=75"}],"curies":[{"name":"wp","href":"https:\/\/api.w.org\/{rel}","templated":true}]}}